{"id":349,"date":"2020-02-05T09:12:28","date_gmt":"2020-02-05T09:12:28","guid":{"rendered":"https:\/\/the7.io\/elementor-business\/?page_id=349"},"modified":"2024-07-05T11:45:13","modified_gmt":"2024-07-05T15:45:13","slug":"blog","status":"publish","type":"page","link":"https:\/\/www.imaspa.cl\/en\/blog\/","title":{"rendered":"News &amp; Articles"},"content":{"rendered":"<div data-elementor-type=\"wp-page\" data-elementor-id=\"349\" class=\"elementor elementor-349\" data-elementor-post-type=\"page\">\n\t\t\t\t\t\t<section class=\"elementor-section elementor-top-section elementor-element elementor-element-fab97cf elementor-section-height-min-height elementor-section-boxed elementor-section-height-default elementor-section-items-middle\" data-id=\"fab97cf\" data-element_type=\"section\" data-e-type=\"section\" data-settings=\"{&quot;background_background&quot;:&quot;classic&quot;}\">\n\t\t\t\t\t\t\t<div class=\"elementor-background-overlay\"><\/div>\n\t\t\t\t\t\t\t<div class=\"elementor-container elementor-column-gap-wider\">\n\t\t\t\t\t<div class=\"elementor-column elementor-col-100 elementor-top-column elementor-element elementor-element-332be05\" data-id=\"332be05\" data-element_type=\"column\" data-e-type=\"column\">\n\t\t\t<div class=\"elementor-widget-wrap elementor-element-populated\">\n\t\t\t\t\t\t\t<\/div>\n\t\t<\/div>\n\t\t\t\t\t<\/div>\n\t\t<\/section>\n\t\t\t\t<section class=\"elementor-section elementor-top-section elementor-element elementor-element-c81d826 elementor-section-height-min-height elementor-section-full_width elementor-section-height-default elementor-section-items-middle\" data-id=\"c81d826\" data-element_type=\"section\" data-e-type=\"section\">\n\t\t\t\t\t\t<div class=\"elementor-container elementor-column-gap-no\">\n\t\t\t\t\t<div class=\"elementor-column elementor-col-100 elementor-top-column elementor-element elementor-element-49ff06a\" data-id=\"49ff06a\" data-element_type=\"column\" data-e-type=\"column\">\n\t\t\t<div class=\"elementor-widget-wrap\">\n\t\t\t\t\t\t\t<\/div>\n\t\t<\/div>\n\t\t\t\t\t<\/div>\n\t\t<\/section>\n\t\t\t\t<section class=\"elementor-section elementor-top-section elementor-element elementor-element-2cc78cf elementor-section-boxed elementor-section-height-default elementor-section-height-default\" data-id=\"2cc78cf\" data-element_type=\"section\" data-e-type=\"section\">\n\t\t\t\t\t\t<div class=\"elementor-container elementor-column-gap-wider\">\n\t\t\t\t\t<div class=\"elementor-column elementor-col-100 elementor-top-column elementor-element elementor-element-72b1638\" data-id=\"72b1638\" data-element_type=\"column\" data-e-type=\"column\">\n\t\t\t<div class=\"elementor-widget-wrap elementor-element-populated\">\n\t\t\t\t\t\t<div class=\"elementor-element elementor-element-ab77990 elementor-widget elementor-widget-the7-taxonomy-filter\" data-id=\"ab77990\" data-element_type=\"widget\" data-e-type=\"widget\" data-widget_type=\"the7-taxonomy-filter.default\">\n\t\t\t\t<div class=\"elementor-widget-container\">\n\t\t\t\t\t<div class=\"filter-decorations without-isotope filter filter-pointer-underline filter-animation-fade\"><div class=\"filter-categories\"><a class=\"filter-item\" href=\"\/en\/wp-json\/wp\/v2\/pages\/349?taxonomy=category&#038;term=ambiente\" data-filter=\".category-1\">Environment<\/a><a class=\"filter-item\" href=\"\/en\/wp-json\/wp\/v2\/pages\/349?taxonomy=category&#038;term=equipo-del-mes\" data-filter=\".category-54\">Product of month<\/a><a class=\"filter-item\" href=\"\/en\/wp-json\/wp\/v2\/pages\/349?taxonomy=category&#038;term=noticias-imaspa\" data-filter=\".category-79\">News Imaspa<\/a><\/div><\/div>\t\t\t\t<\/div>\n\t\t\t\t<\/div>\n\t\t\t\t<div class=\"elementor-element elementor-element-db1dbf0 elementor-widget elementor-widget-spacer\" data-id=\"db1dbf0\" data-element_type=\"widget\" data-e-type=\"widget\" data-widget_type=\"spacer.default\">\n\t\t\t\t<div class=\"elementor-widget-container\">\n\t\t\t\t\t\t\t<div class=\"elementor-spacer\">\n\t\t\t<div class=\"elementor-spacer-inner\"><\/div>\n\t\t<\/div>\n\t\t\t\t\t\t<\/div>\n\t\t\t\t<\/div>\n\t\t\t\t<div class=\"elementor-element elementor-element-72132c5 img-align-top image-vertical-align-center slide-h-position-center icon-box-vertical-align-top preserve-img-ratio-cover elementor-widget elementor-widget-the7-elements-simple-posts\" data-id=\"72132c5\" data-element_type=\"widget\" data-e-type=\"widget\" data-widget_type=\"the7-elements-simple-posts.default\">\n\t\t\t\t<div class=\"elementor-widget-container\">\n\t\t\t\t\t<div class=\"the7-simple-widget-posts the7-elementor-widget the7-elements-simple-posts-72132c5 jquery-filter jquery-filter\" data-post-limit=\"6\" data-pagination-mode=\"load-more\" data-scroll-offset=\"\" aria-live=\"assertive\">\t\t\t<div class=\"dt-css-grid custom-pagination-handler\" data-columns=\"{&quot;d&quot;:3,&quot;t&quot;:2,&quot;p&quot;:1,&quot;wd&quot;:3}\">\n\t\t\t\t\t\t\t\t\t<div class=\"wf-cell visible\">\n\t\t\t\t\t\t<article class=\"post visible wrapper post-16730 type-post status-publish format-standard has-post-thumbnail hentry category-equipo-del-mes tag-noticias\">\n\n\t\t\t\t\t\t\t<div class=\"post-content-wrapper\">\n\t\t\t\t\t\t\t\t\t\t\t\t\t\t\t\t\t<div class=\"the7-simple-post-thumb\">\n\t\t\t\t\t\t\t\t\t\t<a class=\"post-thumbnail-rollover layzr-bg img-css-resize-wrapper\" aria-label=\"Post image\" href=\"https:\/\/www.imaspa.cl\/en\/tubezett-2\/\"><img fetchpriority=\"high\" decoding=\"async\" width=\"2048\" height=\"1152\" src=\"data:image\/svg+xml,%3Csvg%20xmlns%3D&#039;http%3A%2F%2Fwww.w3.org%2F2000%2Fsvg&#039;%20viewBox%3D&#039;0%200%202048%201152&#039;%2F%3E\" class=\"attachment-full size-full preload-me aspect lazy lazy-load\" alt=\"\" sizes=\"(max-width: 2048px) 100vw, 2048px\" style=\"--ratio: 2048 \/ 1152;\" data-src=\"https:\/\/www.imaspa.cl\/wp-content\/uploads\/2023\/07\/1735926809701.jpeg\" loading=\"eager\" data-srcset=\"https:\/\/www.imaspa.cl\/wp-content\/uploads\/2023\/07\/1735926809701.jpeg 2048w, https:\/\/www.imaspa.cl\/wp-content\/uploads\/2023\/07\/1735926809701-300x169.jpeg 300w, https:\/\/www.imaspa.cl\/wp-content\/uploads\/2023\/07\/1735926809701-1024x576.jpeg 1024w, https:\/\/www.imaspa.cl\/wp-content\/uploads\/2023\/07\/1735926809701-768x432.jpeg 768w, https:\/\/www.imaspa.cl\/wp-content\/uploads\/2023\/07\/1735926809701-1536x864.jpeg 1536w, https:\/\/www.imaspa.cl\/wp-content\/uploads\/2023\/07\/1735926809701-18x10.jpeg 18w\" \/><span class=\"the7-hover-icon\"><\/span><\/a>\t\t\t\t\t\t\t\t\t<\/div>\n\t\t\t\t\t\t\t\t\t\t\t\t\t\t\t\t<div class=\"post-entry-content\">\n\t\t\t\t\t\t\t\t\t<h5 class=\"heading\"><a href=\"https:\/\/www.imaspa.cl\/en\/tubezett-2\/\" rel=\"bookmark\" title=\"TubeZett Imaspa\" class=\"post-title\">TubeZett Imaspa<\/a><\/h5><a href=\"https:\/\/www.imaspa.cl\/en\/tubezett-2\/\" target=\"\" aria-label=\"Read more about TubeZett Imaspa\" class=\"box-button elementor-button elementor-size-sm\">Read article<\/a>\t\t\t\t\t\t\t\t<\/div>\n\t\t\t\t\t\t\t<\/div>\n\t\t\t\t\t\t<\/article>\n\t\t\t\t\t<\/div>\t\t\t\t\t\t\t\t\t\t<div class=\"wf-cell visible\">\n\t\t\t\t\t\t<article class=\"post visible wrapper post-358 type-post status-publish format-standard has-post-thumbnail hentry category-ambiente tag-noticias\">\n\n\t\t\t\t\t\t\t<div class=\"post-content-wrapper\">\n\t\t\t\t\t\t\t\t\t\t\t\t\t\t\t\t\t<div class=\"the7-simple-post-thumb\">\n\t\t\t\t\t\t\t\t\t\t<a class=\"post-thumbnail-rollover layzr-bg img-css-resize-wrapper\" aria-label=\"Post image\" href=\"https:\/\/www.imaspa.cl\/en\/global-innovation-summit-2025\/\"><img decoding=\"async\" width=\"8000\" height=\"4500\" src=\"data:image\/svg+xml,%3Csvg%20xmlns%3D&#039;http%3A%2F%2Fwww.w3.org%2F2000%2Fsvg&#039;%20viewBox%3D&#039;0%200%208000%204500&#039;%2F%3E\" class=\"attachment-full size-full preload-me aspect lazy lazy-load\" alt=\"\" sizes=\"(max-width: 8000px) 100vw, 8000px\" style=\"--ratio: 8000 \/ 4500;\" data-src=\"https:\/\/www.imaspa.cl\/wp-content\/uploads\/2023\/03\/fondologos.png\" loading=\"eager\" data-srcset=\"https:\/\/www.imaspa.cl\/wp-content\/uploads\/2023\/03\/fondologos.png 8000w, https:\/\/www.imaspa.cl\/wp-content\/uploads\/2023\/03\/fondologos-300x169.png 300w, https:\/\/www.imaspa.cl\/wp-content\/uploads\/2023\/03\/fondologos-1024x576.png 1024w, https:\/\/www.imaspa.cl\/wp-content\/uploads\/2023\/03\/fondologos-768x432.png 768w, https:\/\/www.imaspa.cl\/wp-content\/uploads\/2023\/03\/fondologos-1536x864.png 1536w\" \/><span class=\"the7-hover-icon\"><\/span><\/a>\t\t\t\t\t\t\t\t\t<\/div>\n\t\t\t\t\t\t\t\t\t\t\t\t\t\t\t\t<div class=\"post-entry-content\">\n\t\t\t\t\t\t\t\t\t<a href=\"https:\/\/www.imaspa.cl\/en\/global-innovation-summit-2025\/\" target=\"\" aria-label=\"Read more about \" class=\"box-button elementor-button elementor-size-sm\">Read article<\/a>\t\t\t\t\t\t\t\t<\/div>\n\t\t\t\t\t\t\t<\/div>\n\t\t\t\t\t\t<\/article>\n\t\t\t\t\t<\/div>\t\t\t\t\t\t\t\t\t\t<div class=\"wf-cell visible\">\n\t\t\t\t\t\t<article class=\"post visible wrapper post-347 type-post status-publish format-standard has-post-thumbnail hentry category-noticias-imaspa tag-noticias\">\n\n\t\t\t\t\t\t\t<div class=\"post-content-wrapper\">\n\t\t\t\t\t\t\t\t\t\t\t\t\t\t\t\t\t<div class=\"the7-simple-post-thumb\">\n\t\t\t\t\t\t\t\t\t\t<a class=\"post-thumbnail-rollover layzr-bg img-css-resize-wrapper\" aria-label=\"Post image\" href=\"https:\/\/www.imaspa.cl\/en\/expo-min\/\"><img decoding=\"async\" width=\"1920\" height=\"1080\" src=\"data:image\/svg+xml,%3Csvg%20xmlns%3D&#039;http%3A%2F%2Fwww.w3.org%2F2000%2Fsvg&#039;%20viewBox%3D&#039;0%200%201920%201080&#039;%2F%3E\" class=\"attachment-full size-full preload-me aspect lazy lazy-load\" alt=\"\" sizes=\"(max-width: 1920px) 100vw, 1920px\" style=\"--ratio: 1920 \/ 1080;\" data-src=\"https:\/\/www.imaspa.cl\/wp-content\/uploads\/2023\/01\/expomin-web-ok.jpg\" loading=\"eager\" data-srcset=\"https:\/\/www.imaspa.cl\/wp-content\/uploads\/2023\/01\/expomin-web-ok.jpg 1920w, https:\/\/www.imaspa.cl\/wp-content\/uploads\/2023\/01\/expomin-web-ok-300x169.jpg 300w, https:\/\/www.imaspa.cl\/wp-content\/uploads\/2023\/01\/expomin-web-ok-1024x576.jpg 1024w, https:\/\/www.imaspa.cl\/wp-content\/uploads\/2023\/01\/expomin-web-ok-768x432.jpg 768w, https:\/\/www.imaspa.cl\/wp-content\/uploads\/2023\/01\/expomin-web-ok-1536x864.jpg 1536w, https:\/\/www.imaspa.cl\/wp-content\/uploads\/2023\/01\/expomin-web-ok-18x10.jpg 18w\" \/><span class=\"the7-hover-icon\"><\/span><\/a>\t\t\t\t\t\t\t\t\t<\/div>\n\t\t\t\t\t\t\t\t\t\t\t\t\t\t\t\t<div class=\"post-entry-content\">\n\t\t\t\t\t\t\t\t\t<h5 class=\"heading\"><a href=\"https:\/\/www.imaspa.cl\/en\/expo-min\/\" rel=\"bookmark\" title=\"Expomin 2025\" class=\"post-title\">Expomin 2025<\/a><\/h5><a href=\"https:\/\/www.imaspa.cl\/en\/expo-min\/\" target=\"\" aria-label=\"Read more about Expomin 2025\" class=\"box-button elementor-button elementor-size-sm\">Read article<\/a>\t\t\t\t\t\t\t\t<\/div>\n\t\t\t\t\t\t\t<\/div>\n\t\t\t\t\t\t<\/article>\n\t\t\t\t\t<\/div>\t\t\t\t\t\t\t\t<\/div>\n\t\t<div class=\"paginator filter-decorations paginator-more-button filter-pointer-framed\">\n\t\t\t\t<a class=\"button-load-more highlighted filter-item\" href=\"javascript:void(0);\" data-dt-page=\"1\" ><span class=\"button-caption\">Cargar m\u00e1s<\/span><\/a>\n\t\t\t<\/div><\/div>\t\t\t\t<\/div>\n\t\t\t\t<\/div>\n\t\t\t\t\t<\/div>\n\t\t<\/div>\n\t\t\t\t\t<\/div>\n\t\t<\/section>\n\t\t\t\t<\/div>","protected":false},"excerpt":{"rendered":"<p>Noticias Medio AmbienteEquipo Del MesNoticias Imaspa Hist\u00f3rica sequ\u00eda en Uruguay Leer art\u00edculo Pressmax Leer art\u00edculo Expomin 2023 Leer art\u00edculo Cargar m\u00e1s<\/p>","protected":false},"author":1,"featured_media":12916,"parent":0,"menu_order":50,"comment_status":"closed","ping_status":"closed","template":"elementor_header_footer","meta":{"_monsterinsights_skip_tracking":false,"_monsterinsights_sitenote_active":false,"_monsterinsights_sitenote_note":"","_monsterinsights_sitenote_category":0,"footnotes":""},"class_list":["post-349","page","type-page","status-publish","has-post-thumbnail","hentry"],"yoast_head":"<!-- This site is optimized with the Yoast SEO plugin v22.9 - https:\/\/yoast.com\/wordpress\/plugins\/seo\/ -->\n<title>Noticias\u00a0&amp;\u00a0Art\u00edculos - Imaspa<\/title>\n<meta name=\"robots\" content=\"index, follow, max-snippet:-1, max-image-preview:large, max-video-preview:-1\" \/>\n<link rel=\"canonical\" href=\"https:\/\/www.imaspa.cl\/en\/blog\/\" \/>\n<meta property=\"og:locale\" content=\"en_US\" \/>\n<meta property=\"og:type\" content=\"article\" \/>\n<meta property=\"og:title\" content=\"Noticias\u00a0&amp;\u00a0Art\u00edculos - Imaspa\" \/>\n<meta property=\"og:description\" content=\"Noticias Medio AmbienteEquipo Del MesNoticias Imaspa Hist\u00f3rica sequ\u00eda en Uruguay Leer art\u00edculo Pressmax Leer art\u00edculo Expomin 2023 Leer art\u00edculo Cargar m\u00e1s\" \/>\n<meta property=\"og:url\" content=\"https:\/\/www.imaspa.cl\/en\/blog\/\" \/>\n<meta property=\"og:site_name\" content=\"Imaspa\" \/>\n<meta property=\"article:modified_time\" content=\"2024-07-05T15:45:13+00:00\" \/>\n<meta property=\"og:image\" content=\"https:\/\/www.imaspa.cl\/wp-content\/uploads\/2023\/03\/01_Arauco_Valdivia-scaled.jpg\" \/>\n\t<meta property=\"og:image:width\" content=\"2560\" \/>\n\t<meta property=\"og:image:height\" content=\"1440\" \/>\n\t<meta property=\"og:image:type\" content=\"image\/jpeg\" \/>\n<meta name=\"twitter:card\" content=\"summary_large_image\" \/>\n<meta name=\"twitter:label1\" content=\"Est. reading time\" \/>\n\t<meta name=\"twitter:data1\" content=\"1 minute\" \/>\n<script type=\"application\/ld+json\" class=\"yoast-schema-graph\">{\"@context\":\"https:\/\/schema.org\",\"@graph\":[{\"@type\":\"WebPage\",\"@id\":\"https:\/\/www.imaspa.cl\/blog\/\",\"url\":\"https:\/\/www.imaspa.cl\/blog\/\",\"name\":\"Noticias\u00a0&\u00a0Art\u00edculos - Imaspa\",\"isPartOf\":{\"@id\":\"https:\/\/www.imaspa.cl\/en\/#website\"},\"primaryImageOfPage\":{\"@id\":\"https:\/\/www.imaspa.cl\/blog\/#primaryimage\"},\"image\":{\"@id\":\"https:\/\/www.imaspa.cl\/blog\/#primaryimage\"},\"thumbnailUrl\":\"https:\/\/www.imaspa.cl\/wp-content\/uploads\/2023\/03\/01_Arauco_Valdivia-scaled.jpg\",\"datePublished\":\"2020-02-05T09:12:28+00:00\",\"dateModified\":\"2024-07-05T15:45:13+00:00\",\"breadcrumb\":{\"@id\":\"https:\/\/www.imaspa.cl\/blog\/#breadcrumb\"},\"inLanguage\":\"en-US\",\"potentialAction\":[{\"@type\":\"ReadAction\",\"target\":[\"https:\/\/www.imaspa.cl\/blog\/\"]}]},{\"@type\":\"ImageObject\",\"inLanguage\":\"en-US\",\"@id\":\"https:\/\/www.imaspa.cl\/blog\/#primaryimage\",\"url\":\"https:\/\/www.imaspa.cl\/wp-content\/uploads\/2023\/03\/01_Arauco_Valdivia-scaled.jpg\",\"contentUrl\":\"https:\/\/www.imaspa.cl\/wp-content\/uploads\/2023\/03\/01_Arauco_Valdivia-scaled.jpg\",\"width\":2560,\"height\":1440},{\"@type\":\"BreadcrumbList\",\"@id\":\"https:\/\/www.imaspa.cl\/blog\/#breadcrumb\",\"itemListElement\":[{\"@type\":\"ListItem\",\"position\":1,\"name\":\"Portada\",\"item\":\"https:\/\/www.imaspa.cl\/\"},{\"@type\":\"ListItem\",\"position\":2,\"name\":\"Noticias\u00a0&#038;\u00a0Art\u00edculos\"}]},{\"@type\":\"WebSite\",\"@id\":\"https:\/\/www.imaspa.cl\/en\/#website\",\"url\":\"https:\/\/www.imaspa.cl\/en\/\",\"name\":\"Imaspa\",\"description\":\"Tratamiento de aguas\",\"publisher\":{\"@id\":\"https:\/\/www.imaspa.cl\/en\/#organization\"},\"potentialAction\":[{\"@type\":\"SearchAction\",\"target\":{\"@type\":\"EntryPoint\",\"urlTemplate\":\"https:\/\/www.imaspa.cl\/en\/?s={search_term_string}\"},\"query-input\":\"required name=search_term_string\"}],\"inLanguage\":\"en-US\"},{\"@type\":\"Organization\",\"@id\":\"https:\/\/www.imaspa.cl\/en\/#organization\",\"name\":\"Imaspa\",\"url\":\"https:\/\/www.imaspa.cl\/en\/\",\"logo\":{\"@type\":\"ImageObject\",\"inLanguage\":\"en-US\",\"@id\":\"https:\/\/www.imaspa.cl\/en\/#\/schema\/logo\/image\/\",\"url\":\"https:\/\/www.imaspa.cl\/wp-content\/uploads\/2023\/02\/logo-imaspa-gris-e1676998054564.png\",\"contentUrl\":\"https:\/\/www.imaspa.cl\/wp-content\/uploads\/2023\/02\/logo-imaspa-gris-e1676998054564.png\",\"width\":731,\"height\":400,\"caption\":\"Imaspa\"},\"image\":{\"@id\":\"https:\/\/www.imaspa.cl\/en\/#\/schema\/logo\/image\/\"},\"sameAs\":[\"https:\/\/cl.linkedin.com\/company\/imaspa-spa\",\"https:\/\/www.youtube.com\/@imaspaspaofficial6833\",\"https:\/\/www.instagram.com\/imaspa.cl\/\"]}]}<\/script>\n<!-- \/ Yoast SEO plugin. -->","yoast_head_json":{"title":"Noticias\u00a0&\u00a0Art\u00edculos - Imaspa","robots":{"index":"index","follow":"follow","max-snippet":"max-snippet:-1","max-image-preview":"max-image-preview:large","max-video-preview":"max-video-preview:-1"},"canonical":"https:\/\/www.imaspa.cl\/en\/blog\/","og_locale":"en_US","og_type":"article","og_title":"Noticias\u00a0&\u00a0Art\u00edculos - Imaspa","og_description":"Noticias Medio AmbienteEquipo Del MesNoticias Imaspa Hist\u00f3rica sequ\u00eda en Uruguay Leer art\u00edculo Pressmax Leer art\u00edculo Expomin 2023 Leer art\u00edculo Cargar m\u00e1s","og_url":"https:\/\/www.imaspa.cl\/en\/blog\/","og_site_name":"Imaspa","article_modified_time":"2024-07-05T15:45:13+00:00","og_image":[{"width":2560,"height":1440,"url":"https:\/\/www.imaspa.cl\/wp-content\/uploads\/2023\/03\/01_Arauco_Valdivia-scaled.jpg","type":"image\/jpeg"}],"twitter_card":"summary_large_image","twitter_misc":{"Est. reading time":"1 minute"},"schema":{"@context":"https:\/\/schema.org","@graph":[{"@type":"WebPage","@id":"https:\/\/www.imaspa.cl\/blog\/","url":"https:\/\/www.imaspa.cl\/blog\/","name":"Noticias\u00a0&\u00a0Art\u00edculos - Imaspa","isPartOf":{"@id":"https:\/\/www.imaspa.cl\/en\/#website"},"primaryImageOfPage":{"@id":"https:\/\/www.imaspa.cl\/blog\/#primaryimage"},"image":{"@id":"https:\/\/www.imaspa.cl\/blog\/#primaryimage"},"thumbnailUrl":"https:\/\/www.imaspa.cl\/wp-content\/uploads\/2023\/03\/01_Arauco_Valdivia-scaled.jpg","datePublished":"2020-02-05T09:12:28+00:00","dateModified":"2024-07-05T15:45:13+00:00","breadcrumb":{"@id":"https:\/\/www.imaspa.cl\/blog\/#breadcrumb"},"inLanguage":"en-US","potentialAction":[{"@type":"ReadAction","target":["https:\/\/www.imaspa.cl\/blog\/"]}]},{"@type":"ImageObject","inLanguage":"en-US","@id":"https:\/\/www.imaspa.cl\/blog\/#primaryimage","url":"https:\/\/www.imaspa.cl\/wp-content\/uploads\/2023\/03\/01_Arauco_Valdivia-scaled.jpg","contentUrl":"https:\/\/www.imaspa.cl\/wp-content\/uploads\/2023\/03\/01_Arauco_Valdivia-scaled.jpg","width":2560,"height":1440},{"@type":"BreadcrumbList","@id":"https:\/\/www.imaspa.cl\/blog\/#breadcrumb","itemListElement":[{"@type":"ListItem","position":1,"name":"Portada","item":"https:\/\/www.imaspa.cl\/"},{"@type":"ListItem","position":2,"name":"Noticias\u00a0&#038;\u00a0Art\u00edculos"}]},{"@type":"WebSite","@id":"https:\/\/www.imaspa.cl\/en\/#website","url":"https:\/\/www.imaspa.cl\/en\/","name":"Imaspa","description":"Tratamiento de aguas","publisher":{"@id":"https:\/\/www.imaspa.cl\/en\/#organization"},"potentialAction":[{"@type":"SearchAction","target":{"@type":"EntryPoint","urlTemplate":"https:\/\/www.imaspa.cl\/en\/?s={search_term_string}"},"query-input":"required name=search_term_string"}],"inLanguage":"en-US"},{"@type":"Organization","@id":"https:\/\/www.imaspa.cl\/en\/#organization","name":"Imaspa","url":"https:\/\/www.imaspa.cl\/en\/","logo":{"@type":"ImageObject","inLanguage":"en-US","@id":"https:\/\/www.imaspa.cl\/en\/#\/schema\/logo\/image\/","url":"https:\/\/www.imaspa.cl\/wp-content\/uploads\/2023\/02\/logo-imaspa-gris-e1676998054564.png","contentUrl":"https:\/\/www.imaspa.cl\/wp-content\/uploads\/2023\/02\/logo-imaspa-gris-e1676998054564.png","width":731,"height":400,"caption":"Imaspa"},"image":{"@id":"https:\/\/www.imaspa.cl\/en\/#\/schema\/logo\/image\/"},"sameAs":["https:\/\/cl.linkedin.com\/company\/imaspa-spa","https:\/\/www.youtube.com\/@imaspaspaofficial6833","https:\/\/www.instagram.com\/imaspa.cl\/"]}]}},"_links":{"self":[{"href":"https:\/\/www.imaspa.cl\/en\/wp-json\/wp\/v2\/pages\/349","targetHints":{"allow":["GET"]}}],"collection":[{"href":"https:\/\/www.imaspa.cl\/en\/wp-json\/wp\/v2\/pages"}],"about":[{"href":"https:\/\/www.imaspa.cl\/en\/wp-json\/wp\/v2\/types\/page"}],"author":[{"embeddable":true,"href":"https:\/\/www.imaspa.cl\/en\/wp-json\/wp\/v2\/users\/1"}],"replies":[{"embeddable":true,"href":"https:\/\/www.imaspa.cl\/en\/wp-json\/wp\/v2\/comments?post=349"}],"version-history":[{"count":54,"href":"https:\/\/www.imaspa.cl\/en\/wp-json\/wp\/v2\/pages\/349\/revisions"}],"predecessor-version":[{"id":16990,"href":"https:\/\/www.imaspa.cl\/en\/wp-json\/wp\/v2\/pages\/349\/revisions\/16990"}],"wp:featuredmedia":[{"embeddable":true,"href":"https:\/\/www.imaspa.cl\/en\/wp-json\/wp\/v2\/media\/12916"}],"wp:attachment":[{"href":"https:\/\/www.imaspa.cl\/en\/wp-json\/wp\/v2\/media?parent=349"}],"curies":[{"name":"wp","href":"https:\/\/api.w.org\/{rel}","templated":true}]}}